{"id":6553,"date":"2025-11-28T08:43:04","date_gmt":"2025-11-28T08:43:04","guid":{"rendered":"https:\/\/www.llanerosolidario.org\/?page_id=6553"},"modified":"2025-11-28T12:24:29","modified_gmt":"2025-11-28T12:24:29","slug":"rerooted-erasmus","status":"publish","type":"page","link":"https:\/\/www.llanerosolidario.org\/en\/rerooted-erasmus\/","title":{"rendered":"Rerooted Erasmus Project"},"content":{"rendered":"<div data-elementor-type=\"wp-page\" data-elementor-id=\"6553\" class=\"elementor elementor-6553\">\n\t\t\t\t\t\t<section class=\"elementor-section elementor-top-section elementor-element elementor-element-1f78e27 elementor-section-boxed elementor-section-height-default elementor-section-height-default\" data-id=\"1f78e27\" data-element_type=\"section\" data-e-type=\"section\">\n\t\t\t\t\t\t<div class=\"elementor-container elementor-column-gap-default\">\n\t\t\t\t\t<div class=\"elementor-column elementor-col-100 elementor-top-column elementor-element elementor-element-7a8f4f3\" data-id=\"7a8f4f3\" data-element_type=\"column\" data-e-type=\"column\">\n\t\t\t<div class=\"elementor-widget-wrap elementor-element-populated\">\n\t\t\t\t\t\t<div class=\"elementor-element elementor-element-1986c8b proyectos_llanero_img_logo_class elementor-widget elementor-widget-image\" data-id=\"1986c8b\" data-element_type=\"widget\" data-e-type=\"widget\" data-widget_type=\"image.default\">\n\t\t\t\t<div class=\"elementor-widget-container\">\n\t\t\t\t\t\t\t\t\t\t\t\t\t\t\t<img fetchpriority=\"high\" decoding=\"async\" width=\"1024\" height=\"1024\" src=\"https:\/\/www.llanerosolidario.org\/wp-content\/uploads\/2025\/11\/logoerasmus-1024-x-1024-px.png\" class=\"attachment-large size-large wp-image-7400\" alt=\"\" srcset=\"https:\/\/www.llanerosolidario.org\/wp-content\/uploads\/2025\/11\/logoerasmus-1024-x-1024-px.png 1024w, https:\/\/www.llanerosolidario.org\/wp-content\/uploads\/2025\/11\/logoerasmus-1024-x-1024-px-300x300.png 300w, https:\/\/www.llanerosolidario.org\/wp-content\/uploads\/2025\/11\/logoerasmus-1024-x-1024-px-150x150.png 150w, https:\/\/www.llanerosolidario.org\/wp-content\/uploads\/2025\/11\/logoerasmus-1024-x-1024-px-768x768.png 768w\" sizes=\"(max-width: 1024px) 100vw, 1024px\" \/>\t\t\t\t\t\t\t\t\t\t\t\t\t\t\t<\/div>\n\t\t\t\t<\/div>\n\t\t\t\t\t<\/div>\n\t\t<\/div>\n\t\t\t\t\t<\/div>\n\t\t<\/section>\n\t\t\t\t<section class=\"elementor-section elementor-top-section elementor-element elementor-element-f644496 elementor-section-full_width elementor-section-stretched elementor-section-height-default elementor-section-height-default\" data-id=\"f644496\" data-element_type=\"section\" data-e-type=\"section\" data-settings=\"{&quot;stretch_section&quot;:&quot;section-stretched&quot;}\">\n\t\t\t\t\t\t<div class=\"elementor-container elementor-column-gap-no\">\n\t\t\t\t\t<div class=\"elementor-column elementor-col-100 elementor-top-column elementor-element elementor-element-a48c373\" data-id=\"a48c373\" data-element_type=\"column\" data-e-type=\"column\">\n\t\t\t<div class=\"elementor-widget-wrap\">\n\t\t\t\t\t\t\t<\/div>\n\t\t<\/div>\n\t\t\t\t\t<\/div>\n\t\t<\/section>\n\t\t\t\t<section class=\"elementor-section elementor-top-section elementor-element elementor-element-c973e7f elementor-section-boxed elementor-section-height-default elementor-section-height-default\" data-id=\"c973e7f\" data-element_type=\"section\" data-e-type=\"section\">\n\t\t\t\t\t\t<div class=\"elementor-container elementor-column-gap-default\">\n\t\t\t\t\t<div class=\"elementor-column elementor-col-100 elementor-top-column elementor-element elementor-element-6900876\" data-id=\"6900876\" data-element_type=\"column\" data-e-type=\"column\">\n\t\t\t<div class=\"elementor-widget-wrap elementor-element-populated\">\n\t\t\t\t\t\t<div class=\"elementor-element elementor-element-9b05e28 elementor-hidden-phone elementor-widget elementor-widget-heading\" data-id=\"9b05e28\" data-element_type=\"widget\" data-e-type=\"widget\" data-widget_type=\"heading.default\">\n\t\t\t\t<div class=\"elementor-widget-container\">\n\t\t\t\t\t<h1 class=\"elementor-heading-title elementor-size-xxl\">ReRootED - Building Competencies and Resilience for Migrant Women in Social Entrepreneurship <\/h1>\t\t\t\t<\/div>\n\t\t\t\t<\/div>\n\t\t\t\t\t<\/div>\n\t\t<\/div>\n\t\t\t\t\t<\/div>\n\t\t<\/section>\n\t\t\t\t<section class=\"elementor-section elementor-top-section elementor-element elementor-element-8e997d9 elementor-section-boxed elementor-section-height-default elementor-section-height-default\" data-id=\"8e997d9\" data-element_type=\"section\" data-e-type=\"section\">\n\t\t\t\t\t\t<div class=\"elementor-container elementor-column-gap-default\">\n\t\t\t\t\t<div class=\"elementor-column elementor-col-100 elementor-top-column elementor-element elementor-element-543cf45\" data-id=\"543cf45\" data-element_type=\"column\" data-e-type=\"column\">\n\t\t\t<div class=\"elementor-widget-wrap elementor-element-populated\">\n\t\t\t\t\t\t<div class=\"elementor-element elementor-element-8c67d70 elementor-hidden-phone elementor-widget elementor-widget-heading\" data-id=\"8c67d70\" data-element_type=\"widget\" data-e-type=\"widget\" data-widget_type=\"heading.default\">\n\t\t\t\t<div class=\"elementor-widget-container\">\n\t\t\t\t\t<h1 class=\"elementor-heading-title elementor-size-large\"><b>European Erasmus+ cooperation project focused on strengthening the emotional well-being, resilience and entrepreneurial skills of migrant women in vulnerable situations, in collaboration with entities from Spain, Italy, Germany and Ukraine.<\/b><br><\/h1>\t\t\t\t<\/div>\n\t\t\t\t<\/div>\n\t\t\t\t\t<\/div>\n\t\t<\/div>\n\t\t\t\t\t<\/div>\n\t\t<\/section>\n\t\t\t\t<section class=\"elementor-section elementor-top-section elementor-element elementor-element-45a8caf elementor-section-full_width elementor-section-stretched elementor-section-height-default elementor-section-height-default\" data-id=\"45a8caf\" data-element_type=\"section\" data-e-type=\"section\" data-settings=\"{&quot;stretch_section&quot;:&quot;section-stretched&quot;}\">\n\t\t\t\t\t\t<div class=\"elementor-container elementor-column-gap-no\">\n\t\t\t\t\t<div class=\"elementor-column elementor-col-100 elementor-top-column elementor-element elementor-element-9753ace\" data-id=\"9753ace\" data-element_type=\"column\" data-e-type=\"column\">\n\t\t\t<div class=\"elementor-widget-wrap\">\n\t\t\t\t\t\t\t<\/div>\n\t\t<\/div>\n\t\t\t\t\t<\/div>\n\t\t<\/section>\n\t\t\t\t<section class=\"elementor-section elementor-top-section elementor-element elementor-element-b5b9bc0 elementor-section-boxed elementor-section-height-default elementor-section-height-default\" data-id=\"b5b9bc0\" data-element_type=\"section\" data-e-type=\"section\">\n\t\t\t\t\t\t<div class=\"elementor-container elementor-column-gap-default\">\n\t\t\t\t\t<div class=\"elementor-column elementor-col-100 elementor-top-column elementor-element elementor-element-010ddfa\" data-id=\"010ddfa\" data-element_type=\"column\" data-e-type=\"column\">\n\t\t\t<div class=\"elementor-widget-wrap elementor-element-populated\">\n\t\t\t\t\t\t<div class=\"elementor-element elementor-element-f4add32 elementor-widget elementor-widget-text-editor\" data-id=\"f4add32\" data-element_type=\"widget\" data-e-type=\"widget\" data-widget_type=\"text-editor.default\">\n\t\t\t\t<div class=\"elementor-widget-container\">\n\t\t\t\t\t\t\t\t\t<p data-start=\"719\" data-end=\"1114\"><strong data-start=\"719\" data-end=\"731\">ReRootED<\/strong> is an international cooperation project funded by Erasmus+ that brings together several European organizations to work together on the personal, emotional and professional development of migrant women. Its objective is to promote their social and socioeconomic inclusion through training in <strong data-start=\"1027\" data-end=\"1113\">resilience, emotional intelligence, psychological well-being and social entrepreneurship<\/strong>.<\/p><p data-start=\"1116\" data-end=\"1458\">Throughout the two-year duration of the project, local and international workshops, mentoring programs, community support spaces and inclusive pedagogical tools will be developed to enable participants to strengthen their autonomy, expand their opportunities and build strong support networks in their host communities.<\/p><p data-start=\"1460\" data-end=\"1536\">ReRootED is developed in cooperation with the following partners:<\/p><ul data-start=\"1537\" data-end=\"1710\"><li data-start=\"1537\" data-end=\"1568\"><p data-start=\"1539\" data-end=\"1568\"><strong data-start=\"1539\" data-end=\"1557\">FacilitAscolto<\/strong> (Italy)<\/p><\/li><li data-start=\"1569\" data-end=\"1616\"><p data-start=\"1571\" data-end=\"1616\"><strong data-start=\"1571\" data-end=\"1603\">Outside Media &amp; Knowledge UG<\/strong> (Germany)<\/p><\/li><li data-start=\"1617\" data-end=\"1646\"><p data-start=\"1619\" data-end=\"1646\"><strong data-start=\"1619\" data-end=\"1635\">KlemKa CoLAB<\/strong> (Spain)<\/p><\/li><li data-start=\"1647\" data-end=\"1677\"><p data-start=\"1649\" data-end=\"1677\"><strong data-start=\"1649\" data-end=\"1665\">Pislyazavtra<\/strong> (Ukraine)<\/p><\/li><li data-start=\"1678\" data-end=\"1710\"><p data-start=\"1680\" data-end=\"1710\"><strong data-start=\"1680\" data-end=\"1701\">Llanero Solidario<\/strong> (Spain)<\/p><\/li><\/ul><div>\u00a0<\/div><div><b><i>This project has been funded with support from the European Commission. This publication reflects the views only of the author. The Commission cannot be held responsible for any use which may be made of the information contained therein.<\/i><\/b><\/div><div>\u00a0<\/div><div>\u00a0<\/div>\t\t\t\t\t\t\t\t<\/div>\n\t\t\t\t<\/div>\n\t\t\t\t\t<\/div>\n\t\t<\/div>\n\t\t\t\t\t<\/div>\n\t\t<\/section>\n\t\t\t\t<section class=\"elementor-section elementor-top-section elementor-element elementor-element-d26a54c elementor-section-boxed elementor-section-height-default elementor-section-height-default\" data-id=\"d26a54c\" data-element_type=\"section\" data-e-type=\"section\">\n\t\t\t\t\t\t<div class=\"elementor-container elementor-column-gap-default\">\n\t\t\t\t\t<div class=\"elementor-column elementor-col-50 elementor-top-column elementor-element elementor-element-1503de3\" data-id=\"1503de3\" data-element_type=\"column\" data-e-type=\"column\">\n\t\t\t<div class=\"elementor-widget-wrap elementor-element-populated\">\n\t\t\t\t\t\t<div class=\"elementor-element elementor-element-5467ea5 elementor-widget elementor-widget-image\" data-id=\"5467ea5\" data-element_type=\"widget\" data-e-type=\"widget\" data-widget_type=\"image.default\">\n\t\t\t\t<div class=\"elementor-widget-container\">\n\t\t\t\t\t\t\t\t\t\t\t\t\t\t\t<img decoding=\"async\" width=\"1000\" height=\"264\" src=\"https:\/\/www.llanerosolidario.org\/wp-content\/uploads\/2025\/11\/erasmus_izquierda.png\" class=\"attachment-large size-large wp-image-7388\" alt=\"\" srcset=\"https:\/\/www.llanerosolidario.org\/wp-content\/uploads\/2025\/11\/erasmus_izquierda.png 1000w, https:\/\/www.llanerosolidario.org\/wp-content\/uploads\/2025\/11\/erasmus_izquierda-300x79.png 300w, https:\/\/www.llanerosolidario.org\/wp-content\/uploads\/2025\/11\/erasmus_izquierda-768x203.png 768w\" sizes=\"(max-width: 1000px) 100vw, 1000px\" \/>\t\t\t\t\t\t\t\t\t\t\t\t\t\t\t<\/div>\n\t\t\t\t<\/div>\n\t\t\t\t\t<\/div>\n\t\t<\/div>\n\t\t\t\t<div class=\"elementor-column elementor-col-50 elementor-top-column elementor-element elementor-element-e8466c6\" data-id=\"e8466c6\" data-element_type=\"column\" data-e-type=\"column\">\n\t\t\t<div class=\"elementor-widget-wrap elementor-element-populated\">\n\t\t\t\t\t\t<div class=\"elementor-element elementor-element-6400ad0 elementor-widget elementor-widget-image\" data-id=\"6400ad0\" data-element_type=\"widget\" data-e-type=\"widget\" data-widget_type=\"image.default\">\n\t\t\t\t<div class=\"elementor-widget-container\">\n\t\t\t\t\t\t\t\t\t\t\t\t\t\t\t<img decoding=\"async\" width=\"1024\" height=\"215\" src=\"https:\/\/www.llanerosolidario.org\/wp-content\/uploads\/2025\/11\/es_cofinanciado_por_la_union_europea_pos-1024x215.png\" class=\"attachment-large size-large wp-image-7389\" alt=\"\" srcset=\"https:\/\/www.llanerosolidario.org\/wp-content\/uploads\/2025\/11\/es_cofinanciado_por_la_union_europea_pos-1024x215.png 1024w, https:\/\/www.llanerosolidario.org\/wp-content\/uploads\/2025\/11\/es_cofinanciado_por_la_union_europea_pos-300x63.png 300w, https:\/\/www.llanerosolidario.org\/wp-content\/uploads\/2025\/11\/es_cofinanciado_por_la_union_europea_pos-768x161.png 768w, https:\/\/www.llanerosolidario.org\/wp-content\/uploads\/2025\/11\/es_cofinanciado_por_la_union_europea_pos-1536x322.png 1536w, https:\/\/www.llanerosolidario.org\/wp-content\/uploads\/2025\/11\/es_cofinanciado_por_la_union_europea_pos-2048x429.png 2048w\" sizes=\"(max-width: 1024px) 100vw, 1024px\" \/>\t\t\t\t\t\t\t\t\t\t\t\t\t\t\t<\/div>\n\t\t\t\t<\/div>\n\t\t\t\t\t<\/div>\n\t\t<\/div>\n\t\t\t\t\t<\/div>\n\t\t<\/section>\n\t\t\t\t<section class=\"elementor-section elementor-top-section elementor-element elementor-element-bb46646 elementor-section-boxed elementor-section-height-default elementor-section-height-default\" data-id=\"bb46646\" data-element_type=\"section\" data-e-type=\"section\">\n\t\t\t\t\t\t<div class=\"elementor-container elementor-column-gap-default\">\n\t\t\t\t\t<div class=\"elementor-column elementor-col-100 elementor-top-column elementor-element elementor-element-9267a16\" data-id=\"9267a16\" data-element_type=\"column\" data-e-type=\"column\">\n\t\t\t<div class=\"elementor-widget-wrap elementor-element-populated\">\n\t\t\t\t\t\t<div class=\"elementor-element elementor-element-45710fe elementor-widget elementor-widget-image\" data-id=\"45710fe\" data-element_type=\"widget\" data-e-type=\"widget\" data-widget_type=\"image.default\">\n\t\t\t\t<div class=\"elementor-widget-container\">\n\t\t\t\t\t\t\t\t\t\t\t\t\t\t\t<img loading=\"lazy\" decoding=\"async\" width=\"514\" height=\"96\" src=\"https:\/\/www.llanerosolidario.org\/wp-content\/uploads\/2025\/11\/WhatsApp-Image-2025-11-28-at-13.12.12.jpeg\" class=\"attachment-large size-large wp-image-7413\" alt=\"\" srcset=\"https:\/\/www.llanerosolidario.org\/wp-content\/uploads\/2025\/11\/WhatsApp-Image-2025-11-28-at-13.12.12.jpeg 514w, https:\/\/www.llanerosolidario.org\/wp-content\/uploads\/2025\/11\/WhatsApp-Image-2025-11-28-at-13.12.12-300x56.jpeg 300w\" sizes=\"(max-width: 514px) 100vw, 514px\" \/>\t\t\t\t\t\t\t\t\t\t\t\t\t\t\t<\/div>\n\t\t\t\t<\/div>\n\t\t\t\t\t<\/div>\n\t\t<\/div>\n\t\t\t\t\t<\/div>\n\t\t<\/section>\n\t\t\t\t<\/div>","protected":false},"excerpt":{"rendered":"<p>ReRootED \u2013 Construyendo Competencias y Resiliencia para Mujeres Migrantes en el Emprendimiento Social Proyecto europeo de cooperaci\u00f3n Erasmus+ centrado en fortalecer el bienestar emocional, la resiliencia y las competencias emprendedoras de mujeres migrantes en situaci\u00f3n de vulnerabilidad, en colaboraci\u00f3n con entidades de Espa\u00f1a, Italia, Alemania y Ucrania. ReRootED es un proyecto de cooperaci\u00f3n internacional financiado [&hellip;]<\/p>\n","protected":false},"author":2,"featured_media":0,"parent":0,"menu_order":0,"comment_status":"closed","ping_status":"closed","template":"","meta":{"footnotes":""},"class_list":["post-6553","page","type-page","status-publish","hentry","post"],"yoast_head":"<!-- This site is optimized with the Yoast SEO plugin v27.5 - https:\/\/yoast.com\/product\/yoast-seo-wordpress\/ -->\n<title>Proyecto Rerooted Erasmus - Llanero Solidario<\/title>\n<meta name=\"robots\" content=\"index, follow, max-snippet:-1, max-image-preview:large, max-video-preview:-1\" \/>\n<link rel=\"canonical\" href=\"https:\/\/www.llanerosolidario.org\/en\/rerooted-erasmus\/\" \/>\n<meta property=\"og:locale\" content=\"en_US\" \/>\n<meta property=\"og:type\" content=\"article\" \/>\n<meta property=\"og:title\" content=\"Proyecto Rerooted Erasmus - Llanero Solidario\" \/>\n<meta property=\"og:description\" content=\"ReRootED \u2013 Construyendo Competencias y Resiliencia para Mujeres Migrantes en el Emprendimiento Social Proyecto europeo de cooperaci\u00f3n Erasmus+ centrado en fortalecer el bienestar emocional, la resiliencia y las competencias emprendedoras de mujeres migrantes en situaci\u00f3n de vulnerabilidad, en colaboraci\u00f3n con entidades de Espa\u00f1a, Italia, Alemania y Ucrania. ReRootED es un proyecto de cooperaci\u00f3n internacional financiado [&hellip;]\" \/>\n<meta property=\"og:url\" content=\"https:\/\/www.llanerosolidario.org\/en\/rerooted-erasmus\/\" \/>\n<meta property=\"og:site_name\" content=\"Llanero Solidario\" \/>\n<meta property=\"article:publisher\" content=\"https:\/\/www.facebook.com\/llanerosolidari\" \/>\n<meta property=\"article:modified_time\" content=\"2025-11-28T12:24:29+00:00\" \/>\n<meta property=\"og:image\" content=\"https:\/\/www.llanerosolidario.org\/wp-content\/uploads\/2025\/11\/logoerasmus-1024-x-1024-px.png\" \/>\n<meta name=\"twitter:card\" content=\"summary_large_image\" \/>\n<meta name=\"twitter:site\" content=\"@llanerosolidari\" \/>\n<meta name=\"twitter:label1\" content=\"Est. reading time\" \/>\n\t<meta name=\"twitter:data1\" content=\"2 minutes\" \/>\n<script type=\"application\/ld+json\" class=\"yoast-schema-graph\">{\"@context\":\"https:\\\/\\\/schema.org\",\"@graph\":[{\"@type\":\"WebPage\",\"@id\":\"https:\\\/\\\/www.llanerosolidario.org\\\/rerooted-erasmus\\\/\",\"url\":\"https:\\\/\\\/www.llanerosolidario.org\\\/rerooted-erasmus\\\/\",\"name\":\"Proyecto Rerooted Erasmus - Llanero Solidario\",\"isPartOf\":{\"@id\":\"https:\\\/\\\/www.llanerosolidario.org\\\/#website\"},\"primaryImageOfPage\":{\"@id\":\"https:\\\/\\\/www.llanerosolidario.org\\\/rerooted-erasmus\\\/#primaryimage\"},\"image\":{\"@id\":\"https:\\\/\\\/www.llanerosolidario.org\\\/rerooted-erasmus\\\/#primaryimage\"},\"thumbnailUrl\":\"https:\\\/\\\/www.llanerosolidario.org\\\/wp-content\\\/uploads\\\/2025\\\/11\\\/logoerasmus-1024-x-1024-px.png\",\"datePublished\":\"2025-11-28T08:43:04+00:00\",\"dateModified\":\"2025-11-28T12:24:29+00:00\",\"breadcrumb\":{\"@id\":\"https:\\\/\\\/www.llanerosolidario.org\\\/rerooted-erasmus\\\/#breadcrumb\"},\"inLanguage\":\"en-US\",\"potentialAction\":[{\"@type\":\"ReadAction\",\"target\":[\"https:\\\/\\\/www.llanerosolidario.org\\\/rerooted-erasmus\\\/\"]}]},{\"@type\":\"ImageObject\",\"inLanguage\":\"en-US\",\"@id\":\"https:\\\/\\\/www.llanerosolidario.org\\\/rerooted-erasmus\\\/#primaryimage\",\"url\":\"https:\\\/\\\/www.llanerosolidario.org\\\/wp-content\\\/uploads\\\/2025\\\/11\\\/logoerasmus-1024-x-1024-px.png\",\"contentUrl\":\"https:\\\/\\\/www.llanerosolidario.org\\\/wp-content\\\/uploads\\\/2025\\\/11\\\/logoerasmus-1024-x-1024-px.png\"},{\"@type\":\"BreadcrumbList\",\"@id\":\"https:\\\/\\\/www.llanerosolidario.org\\\/rerooted-erasmus\\\/#breadcrumb\",\"itemListElement\":[{\"@type\":\"ListItem\",\"position\":1,\"name\":\"Portada\",\"item\":\"https:\\\/\\\/www.llanerosolidario.org\\\/\"},{\"@type\":\"ListItem\",\"position\":2,\"name\":\"Proyecto Rerooted Erasmus\"}]},{\"@type\":\"WebSite\",\"@id\":\"https:\\\/\\\/www.llanerosolidario.org\\\/#website\",\"url\":\"https:\\\/\\\/www.llanerosolidario.org\\\/\",\"name\":\"Llanero Solidario\",\"description\":\"Nacimos en Albacete, palabra que una vez signific\u00f3: \u201cel llano\u201d, as\u00ed que ten\u00edamos que ser llaneros. Y nacimos para poner en marcha proyectos de inserci\u00f3n, as\u00ed que el apellido nos encontr\u00f3 para dejar claro qu\u00e9 somos y qu\u00e9 hacemos: Somos Llanero Solidario.\",\"publisher\":{\"@id\":\"https:\\\/\\\/www.llanerosolidario.org\\\/#organization\"},\"potentialAction\":[{\"@type\":\"SearchAction\",\"target\":{\"@type\":\"EntryPoint\",\"urlTemplate\":\"https:\\\/\\\/www.llanerosolidario.org\\\/?s={search_term_string}\"},\"query-input\":{\"@type\":\"PropertyValueSpecification\",\"valueRequired\":true,\"valueName\":\"search_term_string\"}}],\"inLanguage\":\"en-US\"},{\"@type\":\"Organization\",\"@id\":\"https:\\\/\\\/www.llanerosolidario.org\\\/#organization\",\"name\":\"Llanero Solidario\",\"url\":\"https:\\\/\\\/www.llanerosolidario.org\\\/\",\"logo\":{\"@type\":\"ImageObject\",\"inLanguage\":\"en-US\",\"@id\":\"https:\\\/\\\/www.llanerosolidario.org\\\/#\\\/schema\\\/logo\\\/image\\\/\",\"url\":\"https:\\\/\\\/www.llanerosolidario.org\\\/wp-content\\\/uploads\\\/2021\\\/04\\\/Germina-empleo-Alcaraz-scaled.jpg\",\"contentUrl\":\"https:\\\/\\\/www.llanerosolidario.org\\\/wp-content\\\/uploads\\\/2021\\\/04\\\/Germina-empleo-Alcaraz-scaled.jpg\",\"width\":2560,\"height\":1920,\"caption\":\"Llanero Solidario\"},\"image\":{\"@id\":\"https:\\\/\\\/www.llanerosolidario.org\\\/#\\\/schema\\\/logo\\\/image\\\/\"},\"sameAs\":[\"https:\\\/\\\/www.facebook.com\\\/llanerosolidari\",\"https:\\\/\\\/x.com\\\/llanerosolidari\",\"https:\\\/\\\/www.instagram.com\\\/llanerosolidarioab\\\/\",\"https:\\\/\\\/www.linkedin.com\\\/company\\\/llanero-solidario\\\/\"]}]}<\/script>\n<!-- \/ Yoast SEO plugin. -->","yoast_head_json":{"title":"Proyecto Rerooted Erasmus - Llanero Solidario","robots":{"index":"index","follow":"follow","max-snippet":"max-snippet:-1","max-image-preview":"max-image-preview:large","max-video-preview":"max-video-preview:-1"},"canonical":"https:\/\/www.llanerosolidario.org\/en\/rerooted-erasmus\/","og_locale":"en_US","og_type":"article","og_title":"Proyecto Rerooted Erasmus - Llanero Solidario","og_description":"ReRootED \u2013 Construyendo Competencias y Resiliencia para Mujeres Migrantes en el Emprendimiento Social Proyecto europeo de cooperaci\u00f3n Erasmus+ centrado en fortalecer el bienestar emocional, la resiliencia y las competencias emprendedoras de mujeres migrantes en situaci\u00f3n de vulnerabilidad, en colaboraci\u00f3n con entidades de Espa\u00f1a, Italia, Alemania y Ucrania. ReRootED es un proyecto de cooperaci\u00f3n internacional financiado [&hellip;]","og_url":"https:\/\/www.llanerosolidario.org\/en\/rerooted-erasmus\/","og_site_name":"Llanero Solidario","article_publisher":"https:\/\/www.facebook.com\/llanerosolidari","article_modified_time":"2025-11-28T12:24:29+00:00","og_image":[{"url":"https:\/\/www.llanerosolidario.org\/wp-content\/uploads\/2025\/11\/logoerasmus-1024-x-1024-px.png","type":"","width":"","height":""}],"twitter_card":"summary_large_image","twitter_site":"@llanerosolidari","twitter_misc":{"Est. reading time":"2 minutes"},"schema":{"@context":"https:\/\/schema.org","@graph":[{"@type":"WebPage","@id":"https:\/\/www.llanerosolidario.org\/rerooted-erasmus\/","url":"https:\/\/www.llanerosolidario.org\/rerooted-erasmus\/","name":"Proyecto Rerooted Erasmus - Llanero Solidario","isPartOf":{"@id":"https:\/\/www.llanerosolidario.org\/#website"},"primaryImageOfPage":{"@id":"https:\/\/www.llanerosolidario.org\/rerooted-erasmus\/#primaryimage"},"image":{"@id":"https:\/\/www.llanerosolidario.org\/rerooted-erasmus\/#primaryimage"},"thumbnailUrl":"https:\/\/www.llanerosolidario.org\/wp-content\/uploads\/2025\/11\/logoerasmus-1024-x-1024-px.png","datePublished":"2025-11-28T08:43:04+00:00","dateModified":"2025-11-28T12:24:29+00:00","breadcrumb":{"@id":"https:\/\/www.llanerosolidario.org\/rerooted-erasmus\/#breadcrumb"},"inLanguage":"en-US","potentialAction":[{"@type":"ReadAction","target":["https:\/\/www.llanerosolidario.org\/rerooted-erasmus\/"]}]},{"@type":"ImageObject","inLanguage":"en-US","@id":"https:\/\/www.llanerosolidario.org\/rerooted-erasmus\/#primaryimage","url":"https:\/\/www.llanerosolidario.org\/wp-content\/uploads\/2025\/11\/logoerasmus-1024-x-1024-px.png","contentUrl":"https:\/\/www.llanerosolidario.org\/wp-content\/uploads\/2025\/11\/logoerasmus-1024-x-1024-px.png"},{"@type":"BreadcrumbList","@id":"https:\/\/www.llanerosolidario.org\/rerooted-erasmus\/#breadcrumb","itemListElement":[{"@type":"ListItem","position":1,"name":"Portada","item":"https:\/\/www.llanerosolidario.org\/"},{"@type":"ListItem","position":2,"name":"Proyecto Rerooted Erasmus"}]},{"@type":"WebSite","@id":"https:\/\/www.llanerosolidario.org\/#website","url":"https:\/\/www.llanerosolidario.org\/","name":"Llanero Solidario","description":"Nacimos en Albacete, palabra que una vez signific\u00f3: \u201cel llano\u201d, as\u00ed que ten\u00edamos que ser llaneros. Y nacimos para poner en marcha proyectos de inserci\u00f3n, as\u00ed que el apellido nos encontr\u00f3 para dejar claro qu\u00e9 somos y qu\u00e9 hacemos: Somos Llanero Solidario.","publisher":{"@id":"https:\/\/www.llanerosolidario.org\/#organization"},"potentialAction":[{"@type":"SearchAction","target":{"@type":"EntryPoint","urlTemplate":"https:\/\/www.llanerosolidario.org\/?s={search_term_string}"},"query-input":{"@type":"PropertyValueSpecification","valueRequired":true,"valueName":"search_term_string"}}],"inLanguage":"en-US"},{"@type":"Organization","@id":"https:\/\/www.llanerosolidario.org\/#organization","name":"Llanero Solidario","url":"https:\/\/www.llanerosolidario.org\/","logo":{"@type":"ImageObject","inLanguage":"en-US","@id":"https:\/\/www.llanerosolidario.org\/#\/schema\/logo\/image\/","url":"https:\/\/www.llanerosolidario.org\/wp-content\/uploads\/2021\/04\/Germina-empleo-Alcaraz-scaled.jpg","contentUrl":"https:\/\/www.llanerosolidario.org\/wp-content\/uploads\/2021\/04\/Germina-empleo-Alcaraz-scaled.jpg","width":2560,"height":1920,"caption":"Llanero Solidario"},"image":{"@id":"https:\/\/www.llanerosolidario.org\/#\/schema\/logo\/image\/"},"sameAs":["https:\/\/www.facebook.com\/llanerosolidari","https:\/\/x.com\/llanerosolidari","https:\/\/www.instagram.com\/llanerosolidarioab\/","https:\/\/www.linkedin.com\/company\/llanero-solidario\/"]}]}},"_links":{"self":[{"href":"https:\/\/www.llanerosolidario.org\/en\/wp-json\/wp\/v2\/pages\/6553","targetHints":{"allow":["GET"]}}],"collection":[{"href":"https:\/\/www.llanerosolidario.org\/en\/wp-json\/wp\/v2\/pages"}],"about":[{"href":"https:\/\/www.llanerosolidario.org\/en\/wp-json\/wp\/v2\/types\/page"}],"author":[{"embeddable":true,"href":"https:\/\/www.llanerosolidario.org\/en\/wp-json\/wp\/v2\/users\/2"}],"replies":[{"embeddable":true,"href":"https:\/\/www.llanerosolidario.org\/en\/wp-json\/wp\/v2\/comments?post=6553"}],"version-history":[{"count":14,"href":"https:\/\/www.llanerosolidario.org\/en\/wp-json\/wp\/v2\/pages\/6553\/revisions"}],"predecessor-version":[{"id":7419,"href":"https:\/\/www.llanerosolidario.org\/en\/wp-json\/wp\/v2\/pages\/6553\/revisions\/7419"}],"wp:attachment":[{"href":"https:\/\/www.llanerosolidario.org\/en\/wp-json\/wp\/v2\/media?parent=6553"}],"curies":[{"name":"wp","href":"https:\/\/api.w.org\/{rel}","templated":true}]}}