{"id":6546,"date":"2025-01-13T17:40:43","date_gmt":"2025-01-13T17:40:43","guid":{"rendered":"https:\/\/www.llanerosolidario.org\/?page_id=6546"},"modified":"2025-02-20T07:15:49","modified_gmt":"2025-02-20T07:15:49","slug":"transparencia-memoria-2024","status":"publish","type":"page","link":"https:\/\/www.llanerosolidario.org\/en\/transparencia-memoria-2024\/","title":{"rendered":"SHOW SLIDE: Social Report 2024"},"content":{"rendered":"<div data-elementor-type=\"wp-page\" data-elementor-id=\"6546\" class=\"elementor elementor-6546\">\n\t\t\t\t\t\t<section class=\"elementor-section elementor-top-section elementor-element elementor-element-1f78e27 elementor-section-boxed elementor-section-height-default elementor-section-height-default\" data-id=\"1f78e27\" data-element_type=\"section\" data-e-type=\"section\">\n\t\t\t\t\t\t<div class=\"elementor-container elementor-column-gap-default\">\n\t\t\t\t\t<div class=\"elementor-column elementor-col-100 elementor-top-column elementor-element elementor-element-7a8f4f3\" data-id=\"7a8f4f3\" data-element_type=\"column\" data-e-type=\"column\">\n\t\t\t<div class=\"elementor-widget-wrap elementor-element-populated\">\n\t\t\t\t\t\t<div class=\"elementor-element elementor-element-1986c8b proyectos_llanero_img_logo_class elementor-widget elementor-widget-image\" data-id=\"1986c8b\" data-element_type=\"widget\" data-e-type=\"widget\" data-widget_type=\"image.default\">\n\t\t\t\t<div class=\"elementor-widget-container\">\n\t\t\t\t\t\t\t\t\t\t\t\t\t\t\t<img decoding=\"async\" src=\"https:\/\/www.llanerosolidario.org\/wp-content\/uploads\/2025\/02\/logo.jpg\" title=\"\" alt=\"\" loading=\"lazy\" \/>\t\t\t\t\t\t\t\t\t\t\t\t\t\t\t<\/div>\n\t\t\t\t<\/div>\n\t\t\t\t\t<\/div>\n\t\t<\/div>\n\t\t\t\t\t<\/div>\n\t\t<\/section>\n\t\t\t\t<section class=\"elementor-section elementor-top-section elementor-element elementor-element-03f68f4 elementor-section-boxed elementor-section-height-default elementor-section-height-default\" data-id=\"03f68f4\" data-element_type=\"section\" data-e-type=\"section\">\n\t\t\t\t\t\t<div class=\"elementor-container elementor-column-gap-default\">\n\t\t\t\t\t<div class=\"elementor-column elementor-col-100 elementor-top-column elementor-element elementor-element-5b3a766\" data-id=\"5b3a766\" data-element_type=\"column\" data-e-type=\"column\">\n\t\t\t<div class=\"elementor-widget-wrap elementor-element-populated\">\n\t\t\t\t\t\t<div class=\"elementor-element elementor-element-f0b78ab elementor-hidden-phone elementor-widget elementor-widget-heading\" data-id=\"f0b78ab\" data-element_type=\"widget\" data-e-type=\"widget\" data-widget_type=\"heading.default\">\n\t\t\t\t<div class=\"elementor-widget-container\">\n\t\t\t\t\t<h1 class=\"elementor-heading-title elementor-size-xl\"><div id=\"page\" class=\"site\"><div id=\"content\" class=\"site-content\"><div class=\"polestar-container\"><div id=\"primary\" class=\"content-area\"><main id=\"main\" class=\"site-main\"><article id=\"post-6546\" class=\"post-6546 page type-page status-draft post\"><div class=\"entry-content\"><div data-elementor-type=\"wp-page\" data-elementor-id=\"6546\" class=\"elementor elementor-6546 elementor-edit-area elementor-edit-mode elementor-edit-area-active\" data-elementor-title=\"P\u00e1gina\"><div class=\"elementor-section-wrap ui-sortable\"><section data-id=\"c973e7f\" data-element_type=\"section\" data-model-cid=\"c50\" class=\"elementor-element elementor-element-edit-mode elementor-element-c973e7f elementor-section elementor-top-section elementor-section-boxed elementor-section-height-default\"><div class=\"elementor-container elementor-column-gap-default ui-sortable\"><div data-id=\"6900876\" data-element_type=\"column\" data-model-cid=\"c51\" class=\"elementor-element elementor-element-edit-mode elementor-element-6900876 elementor-element--toggle-edit-tools elementor-column elementor-top-column ui-resizable\" data-col=\"100\"><div class=\"elementor-widget-wrap elementor-element-populated ui-sortable\"><div data-id=\"9b05e28\" data-element_type=\"widget\" data-model-cid=\"c52\" class=\"elementor-element elementor-element-edit-mode elementor-element-9b05e28 elementor-element--toggle-edit-tools elementor-widget elementor-widget-heading elementor-hidden-phone ui-resizable elementor-element-editable\" data-widget_type=\"heading.default\"><div class=\"elementor-widget-container\"><h1 class=\"elementor-heading-title elementor-size-xxl elementor-inline-editing pen\" data-elementor-setting-key=\"title\" data-pen-placeholder=\"Teclea aqu\u00ed...\"><div id=\"page\" class=\"site\"><div id=\"content\" class=\"site-content\"><div class=\"polestar-container\"><div id=\"primary\" class=\"content-area\"><main id=\"main\" class=\"site-main\"><article id=\"post-6546\" class=\"post-6546 page type-page status-draft post\"><div class=\"entry-content\"><div data-elementor-type=\"wp-page\" data-elementor-id=\"6546\" class=\"elementor elementor-6546 elementor-edit-area elementor-edit-mode elementor-edit-area-active\" data-elementor-title=\"P\u00e1gina\"><div class=\"elementor-section-wrap ui-sortable\"><section data-id=\"b5b9bc0\" data-element_type=\"section\" data-model-cid=\"c74\" class=\"elementor-element elementor-element-edit-mode elementor-element-b5b9bc0 elementor-section elementor-top-section elementor-section-boxed elementor-section-height-default\"><div class=\"elementor-container elementor-column-gap-default ui-sortable\"><div data-id=\"010ddfa\" data-element_type=\"column\" data-model-cid=\"c75\" class=\"elementor-element elementor-element-edit-mode elementor-element-010ddfa elementor-element--toggle-edit-tools elementor-column elementor-top-column ui-resizable\" data-col=\"100\"><div class=\"elementor-widget-wrap elementor-element-populated ui-sortable\"><div data-id=\"6a13ee3\" data-element_type=\"widget\" data-model-cid=\"c76\" class=\"elementor-element elementor-element-edit-mode elementor-element-6a13ee3 elementor-element--toggle-edit-tools elementor-widget elementor-widget-text-editor ui-resizable elementor-element-editable\" data-widget_type=\"text-editor.default\"><div class=\"elementor-widget-container\"><div class=\"elementor-text-editor elementor-clearfix elementor-inline-editing pen\" data-elementor-setting-key=\"editor\" data-elementor-inline-editing-toolbar=\"advanced\" data-pen-placeholder=\"Teclea aqu\u00ed...\"><h3><h3>Llanero Solidario presents its 2024 Social Report: A Year of Commitment to Inclusion and Sustainability<\/h3><\/h3><\/div><\/div><\/div><\/div><\/div><\/div><\/section><\/div><\/div><\/div><\/article><\/main><\/div><\/div><\/div><\/div><\/h1><\/div><\/div><\/div><\/div><\/div><\/section><\/div><\/div><\/div><\/article><\/main><\/div><\/div><\/div><\/div><\/h1>\t\t\t\t<\/div>\n\t\t\t\t<\/div>\n\t\t\t\t\t<\/div>\n\t\t<\/div>\n\t\t\t\t\t<\/div>\n\t\t<\/section>\n\t\t\t\t<section class=\"elementor-section elementor-top-section elementor-element elementor-element-b5b9bc0 elementor-section-boxed elementor-section-height-default elementor-section-height-default\" data-id=\"b5b9bc0\" data-element_type=\"section\" data-e-type=\"section\">\n\t\t\t\t\t\t<div class=\"elementor-container elementor-column-gap-default\">\n\t\t\t\t\t<div class=\"elementor-column elementor-col-100 elementor-top-column elementor-element elementor-element-010ddfa\" data-id=\"010ddfa\" data-element_type=\"column\" data-e-type=\"column\">\n\t\t\t<div class=\"elementor-widget-wrap elementor-element-populated\">\n\t\t\t\t\t\t<div class=\"elementor-element elementor-element-615ae1c elementor-hidden-desktop elementor-hidden-tablet elementor-widget elementor-widget-heading\" data-id=\"615ae1c\" data-element_type=\"widget\" data-e-type=\"widget\" data-widget_type=\"heading.default\">\n\t\t\t\t<div class=\"elementor-widget-container\">\n\t\t\t\t\t<h2 class=\"elementor-heading-title elementor-size-medium\"><strong>Un impacto que transforma vidas y respeta el planeta<\/strong><\/h2>\t\t\t\t<\/div>\n\t\t\t\t<\/div>\n\t\t\t\t<div class=\"elementor-element elementor-element-6a13ee3 elementor-widget elementor-widget-text-editor\" data-id=\"6a13ee3\" data-element_type=\"widget\" data-e-type=\"widget\" data-widget_type=\"text-editor.default\">\n\t\t\t\t<div class=\"elementor-widget-container\">\n\t\t\t\t\t\t\t\t\t<p>In 2024, Llanero Solidario supported more than <strong>500 people<\/strong> in customized itineraries, ensuring that a <strong>65% will improve their employability or skills<\/strong>. In addition, the <strong>50% of its female employees hold management positions<\/strong>, underscoring our commitment to gender equality.<\/p><p>In the environmental sphere, all of its activities were carried out in accordance with ecological sustainability criteria, with <b>internal environmental awareness, measures to reduce environmental impact, external outreach, and agroecological techniques<\/b>.<\/p><p><strong>Key figures<\/strong><\/p><ul><li><strong>Total revenue for 2024:<\/strong> \u20ac548,473, with more than <strong>57% allocated to salaries<\/strong>.<\/li><li><strong>Equity criteria:<\/strong> The <strong>50% of management positions<\/strong> are held by women, with equal pay.<\/li><li><strong>Sustainability:<\/strong> The <strong>100% of the activities<\/strong> follow principles of responsible consumption.<\/li><\/ul><hr \/>\t\t\t\t\t\t\t\t<\/div>\n\t\t\t\t<\/div>\n\t\t\t\t\t<\/div>\n\t\t<\/div>\n\t\t\t\t\t<\/div>\n\t\t<\/section>\n\t\t\t\t<section class=\"elementor-section elementor-top-section elementor-element elementor-element-4e7cb1c elementor-section-boxed elementor-section-height-default elementor-section-height-default\" data-id=\"4e7cb1c\" data-element_type=\"section\" data-e-type=\"section\">\n\t\t\t\t\t\t<div class=\"elementor-container elementor-column-gap-default\">\n\t\t\t\t\t<div class=\"elementor-column elementor-col-100 elementor-top-column elementor-element elementor-element-1a7dc66\" data-id=\"1a7dc66\" data-element_type=\"column\" data-e-type=\"column\">\n\t\t\t<div class=\"elementor-widget-wrap elementor-element-populated\">\n\t\t\t\t\t\t<div class=\"elementor-element elementor-element-8265657 elementor-align-center elementor-widget elementor-widget-button\" data-id=\"8265657\" data-element_type=\"widget\" data-e-type=\"widget\" data-widget_type=\"button.default\">\n\t\t\t\t<div class=\"elementor-widget-container\">\n\t\t\t\t\t\t\t\t\t<div class=\"elementor-button-wrapper\">\n\t\t\t\t\t<a class=\"elementor-button elementor-button-link elementor-size-xl\" href=\"https:\/\/www.llanerosolidario.org\/wp-content\/uploads\/2025\/02\/MEMORIA-SOCIAL-2024-LLanero-Solidario-2.pdf\" target=\"_blank\">\n\t\t\t\t\t\t<span class=\"elementor-button-content-wrapper\">\n\t\t\t\t\t\t<span class=\"elementor-button-icon\">\n\t\t\t\t<svg xmlns=\"http:\/\/www.w3.org\/2000\/svg\" width=\"93.000000pt\" height=\"100.000000pt\" viewbox=\"0 0 93.000000 100.000000\" preserveaspectratio=\"xMidYMid meet\"><metadata>Created by potrace 1.16, written by Peter Selinger 2001-2019<\/metadata><g transform=\"translate(0.000000,100.000000) scale(0.100000,-0.100000)\" fill=\"#000000\" stroke=\"none\"><path d=\"M370 841 c0 -31 -4 -41 -20 -46 -11 -3 -20 -13 -20 -21 0 -10 6 -13 18 -10 13 5 21 -2 30 -26 10 -27 9 -35 -6 -51 -13 -14 -18 -41 -20 -107 -4 -79 -2 -89 15 -93 10 -3 0 -5 -22 -6 -58 -2 -85 -11 -86 -30 0 -13 -2 -12 -8 3 -7 17 -8 17 -24 2 -31 -31 -20 -226 13 -226 6 0 10 33 10 83 1 67 3 78 12 62 7 -12 11 -52 9 -96 -3 -95 6 -149 25 -149 19 0 21 9 29 111 l7 86 81 6 c45 3 90 9 100 12 15 6 17 0 17 -58 0 -92 10 -157 25 -157 7 0 15 7 18 14 8 21 11 206 3 213 -3 4 2 15 11 26 15 16 18 38 18 132 0 80 -4 117 -14 128 -12 15 -10 17 18 17 42 0 71 16 71 39 0 22 -19 31 -65 31 -30 0 -33 3 -39 35 -4 20 -13 35 -21 35 -20 0 -30 -65 -17 -108 7 -23 8 -41 2 -53 -6 -10 -10 -49 -10 -87 0 -68 0 -69 -25 -64 -23 4 -25 9 -25 59 0 72 -18 141 -41 153 -16 9 -16 12 -3 40 9 16 13 34 10 39 -4 5 3 11 14 13 28 4 30 22 3 26 -18 3 -23 10 -23 33 0 30 -23 41 -33 17 -4 -10 -6 -10 -6 0 -1 6 -8 12 -16 12 -11 0 -15 -11 -15 -39z\"><\/path><\/g><\/svg>\t\t\t<\/span>\n\t\t\t\t\t\t\t\t\t<span class=\"elementor-button-text\">DOWNLOAD THE 2024 SOCIAL REPORT FROM LLANERO SOLIDARIO HERE<\/span>\n\t\t\t\t\t<\/span>\n\t\t\t\t\t<\/a>\n\t\t\t\t<\/div>\n\t\t\t\t\t\t\t\t<\/div>\n\t\t\t\t<\/div>\n\t\t\t\t\t<\/div>\n\t\t<\/div>\n\t\t\t\t\t<\/div>\n\t\t<\/section>\n\t\t\t\t<section class=\"elementor-section elementor-top-section elementor-element elementor-element-eb653eb elementor-section-boxed elementor-section-height-default elementor-section-height-default\" data-id=\"eb653eb\" data-element_type=\"section\" data-e-type=\"section\">\n\t\t\t\t\t\t<div class=\"elementor-container elementor-column-gap-default\">\n\t\t\t\t\t<div class=\"elementor-column elementor-col-100 elementor-top-column elementor-element elementor-element-fbac17b\" data-id=\"fbac17b\" data-element_type=\"column\" data-e-type=\"column\">\n\t\t\t<div class=\"elementor-widget-wrap\">\n\t\t\t\t\t\t\t<\/div>\n\t\t<\/div>\n\t\t\t\t\t<\/div>\n\t\t<\/section>\n\t\t\t\t<\/div>","protected":false},"excerpt":{"rendered":"<p>Llanero Solidario presenta su Memoria Social 2024: un a\u00f1o de compromiso con la inclusi\u00f3n y la sostenibilidad Un impacto que transforma vidas y respeta el planeta \u00a1En 2024, Llanero Solidario acompa\u00f1\u00f3 a m\u00e1s de 500 personas en itinerarios personalizados, logrando que un 65% mejorara su empleabilidad o formaci\u00f3n. Adem\u00e1s, el 50% de sus trabajadoras mujeres [&hellip;]<\/p>\n","protected":false},"author":2,"featured_media":0,"parent":0,"menu_order":0,"comment_status":"closed","ping_status":"closed","template":"","meta":{"footnotes":""},"class_list":["post-6546","page","type-page","status-publish","hentry","post"],"yoast_head":"<!-- This site is optimized with the Yoast SEO plugin v27.5 - https:\/\/yoast.com\/product\/yoast-seo-wordpress\/ -->\n<title>TRANSPARENCIA. Memoria Social 2024 - Llanero Solidario<\/title>\n<meta name=\"robots\" content=\"index, follow, max-snippet:-1, max-image-preview:large, max-video-preview:-1\" \/>\n<link rel=\"canonical\" href=\"https:\/\/www.llanerosolidario.org\/en\/transparencia-memoria-2024\/\" \/>\n<meta property=\"og:locale\" content=\"en_US\" \/>\n<meta property=\"og:type\" content=\"article\" \/>\n<meta property=\"og:title\" content=\"TRANSPARENCIA. Memoria Social 2024 - Llanero Solidario\" \/>\n<meta property=\"og:description\" content=\"Llanero Solidario presenta su Memoria Social 2024: un a\u00f1o de compromiso con la inclusi\u00f3n y la sostenibilidad Un impacto que transforma vidas y respeta el planeta \u00a1En 2024, Llanero Solidario acompa\u00f1\u00f3 a m\u00e1s de 500 personas en itinerarios personalizados, logrando que un 65% mejorara su empleabilidad o formaci\u00f3n. Adem\u00e1s, el 50% de sus trabajadoras mujeres [&hellip;]\" \/>\n<meta property=\"og:url\" content=\"https:\/\/www.llanerosolidario.org\/en\/transparencia-memoria-2024\/\" \/>\n<meta property=\"og:site_name\" content=\"Llanero Solidario\" \/>\n<meta property=\"article:publisher\" content=\"https:\/\/www.facebook.com\/llanerosolidari\" \/>\n<meta property=\"article:modified_time\" content=\"2025-02-20T07:15:49+00:00\" \/>\n<meta property=\"og:image\" content=\"https:\/\/www.llanerosolidario.org\/wp-content\/uploads\/2025\/02\/logo.jpg\" \/>\n<meta name=\"twitter:card\" content=\"summary_large_image\" \/>\n<meta name=\"twitter:site\" content=\"@llanerosolidari\" \/>\n<meta name=\"twitter:label1\" content=\"Est. reading time\" \/>\n\t<meta name=\"twitter:data1\" content=\"2 minutes\" \/>\n<script type=\"application\/ld+json\" class=\"yoast-schema-graph\">{\"@context\":\"https:\\\/\\\/schema.org\",\"@graph\":[{\"@type\":\"WebPage\",\"@id\":\"https:\\\/\\\/www.llanerosolidario.org\\\/transparencia-memoria-2024\\\/\",\"url\":\"https:\\\/\\\/www.llanerosolidario.org\\\/transparencia-memoria-2024\\\/\",\"name\":\"TRANSPARENCIA. Memoria Social 2024 - Llanero Solidario\",\"isPartOf\":{\"@id\":\"https:\\\/\\\/www.llanerosolidario.org\\\/#website\"},\"primaryImageOfPage\":{\"@id\":\"https:\\\/\\\/www.llanerosolidario.org\\\/transparencia-memoria-2024\\\/#primaryimage\"},\"image\":{\"@id\":\"https:\\\/\\\/www.llanerosolidario.org\\\/transparencia-memoria-2024\\\/#primaryimage\"},\"thumbnailUrl\":\"https:\\\/\\\/www.llanerosolidario.org\\\/wp-content\\\/uploads\\\/2025\\\/02\\\/logo.jpg\",\"datePublished\":\"2025-01-13T17:40:43+00:00\",\"dateModified\":\"2025-02-20T07:15:49+00:00\",\"breadcrumb\":{\"@id\":\"https:\\\/\\\/www.llanerosolidario.org\\\/transparencia-memoria-2024\\\/#breadcrumb\"},\"inLanguage\":\"en-US\",\"potentialAction\":[{\"@type\":\"ReadAction\",\"target\":[\"https:\\\/\\\/www.llanerosolidario.org\\\/transparencia-memoria-2024\\\/\"]}]},{\"@type\":\"ImageObject\",\"inLanguage\":\"en-US\",\"@id\":\"https:\\\/\\\/www.llanerosolidario.org\\\/transparencia-memoria-2024\\\/#primaryimage\",\"url\":\"https:\\\/\\\/www.llanerosolidario.org\\\/wp-content\\\/uploads\\\/2025\\\/02\\\/logo.jpg\",\"contentUrl\":\"https:\\\/\\\/www.llanerosolidario.org\\\/wp-content\\\/uploads\\\/2025\\\/02\\\/logo.jpg\"},{\"@type\":\"BreadcrumbList\",\"@id\":\"https:\\\/\\\/www.llanerosolidario.org\\\/transparencia-memoria-2024\\\/#breadcrumb\",\"itemListElement\":[{\"@type\":\"ListItem\",\"position\":1,\"name\":\"Portada\",\"item\":\"https:\\\/\\\/www.llanerosolidario.org\\\/\"},{\"@type\":\"ListItem\",\"position\":2,\"name\":\"TRANSPARENCIA. Memoria Social 2024\"}]},{\"@type\":\"WebSite\",\"@id\":\"https:\\\/\\\/www.llanerosolidario.org\\\/#website\",\"url\":\"https:\\\/\\\/www.llanerosolidario.org\\\/\",\"name\":\"Llanero Solidario\",\"description\":\"Nacimos en Albacete, palabra que una vez signific\u00f3: \u201cel llano\u201d, as\u00ed que ten\u00edamos que ser llaneros. Y nacimos para poner en marcha proyectos de inserci\u00f3n, as\u00ed que el apellido nos encontr\u00f3 para dejar claro qu\u00e9 somos y qu\u00e9 hacemos: Somos Llanero Solidario.\",\"publisher\":{\"@id\":\"https:\\\/\\\/www.llanerosolidario.org\\\/#organization\"},\"potentialAction\":[{\"@type\":\"SearchAction\",\"target\":{\"@type\":\"EntryPoint\",\"urlTemplate\":\"https:\\\/\\\/www.llanerosolidario.org\\\/?s={search_term_string}\"},\"query-input\":{\"@type\":\"PropertyValueSpecification\",\"valueRequired\":true,\"valueName\":\"search_term_string\"}}],\"inLanguage\":\"en-US\"},{\"@type\":\"Organization\",\"@id\":\"https:\\\/\\\/www.llanerosolidario.org\\\/#organization\",\"name\":\"Llanero Solidario\",\"url\":\"https:\\\/\\\/www.llanerosolidario.org\\\/\",\"logo\":{\"@type\":\"ImageObject\",\"inLanguage\":\"en-US\",\"@id\":\"https:\\\/\\\/www.llanerosolidario.org\\\/#\\\/schema\\\/logo\\\/image\\\/\",\"url\":\"https:\\\/\\\/www.llanerosolidario.org\\\/wp-content\\\/uploads\\\/2021\\\/04\\\/Germina-empleo-Alcaraz-scaled.jpg\",\"contentUrl\":\"https:\\\/\\\/www.llanerosolidario.org\\\/wp-content\\\/uploads\\\/2021\\\/04\\\/Germina-empleo-Alcaraz-scaled.jpg\",\"width\":2560,\"height\":1920,\"caption\":\"Llanero Solidario\"},\"image\":{\"@id\":\"https:\\\/\\\/www.llanerosolidario.org\\\/#\\\/schema\\\/logo\\\/image\\\/\"},\"sameAs\":[\"https:\\\/\\\/www.facebook.com\\\/llanerosolidari\",\"https:\\\/\\\/x.com\\\/llanerosolidari\",\"https:\\\/\\\/www.instagram.com\\\/llanerosolidarioab\\\/\",\"https:\\\/\\\/www.linkedin.com\\\/company\\\/llanero-solidario\\\/\"]}]}<\/script>\n<!-- \/ Yoast SEO plugin. -->","yoast_head_json":{"title":"TRANSPARENCIA. Memoria Social 2024 - Llanero Solidario","robots":{"index":"index","follow":"follow","max-snippet":"max-snippet:-1","max-image-preview":"max-image-preview:large","max-video-preview":"max-video-preview:-1"},"canonical":"https:\/\/www.llanerosolidario.org\/en\/transparencia-memoria-2024\/","og_locale":"en_US","og_type":"article","og_title":"TRANSPARENCIA. Memoria Social 2024 - Llanero Solidario","og_description":"Llanero Solidario presenta su Memoria Social 2024: un a\u00f1o de compromiso con la inclusi\u00f3n y la sostenibilidad Un impacto que transforma vidas y respeta el planeta \u00a1En 2024, Llanero Solidario acompa\u00f1\u00f3 a m\u00e1s de 500 personas en itinerarios personalizados, logrando que un 65% mejorara su empleabilidad o formaci\u00f3n. Adem\u00e1s, el 50% de sus trabajadoras mujeres [&hellip;]","og_url":"https:\/\/www.llanerosolidario.org\/en\/transparencia-memoria-2024\/","og_site_name":"Llanero Solidario","article_publisher":"https:\/\/www.facebook.com\/llanerosolidari","article_modified_time":"2025-02-20T07:15:49+00:00","og_image":[{"url":"https:\/\/www.llanerosolidario.org\/wp-content\/uploads\/2025\/02\/logo.jpg","type":"","width":"","height":""}],"twitter_card":"summary_large_image","twitter_site":"@llanerosolidari","twitter_misc":{"Est. reading time":"2 minutes"},"schema":{"@context":"https:\/\/schema.org","@graph":[{"@type":"WebPage","@id":"https:\/\/www.llanerosolidario.org\/transparencia-memoria-2024\/","url":"https:\/\/www.llanerosolidario.org\/transparencia-memoria-2024\/","name":"TRANSPARENCIA. Memoria Social 2024 - Llanero Solidario","isPartOf":{"@id":"https:\/\/www.llanerosolidario.org\/#website"},"primaryImageOfPage":{"@id":"https:\/\/www.llanerosolidario.org\/transparencia-memoria-2024\/#primaryimage"},"image":{"@id":"https:\/\/www.llanerosolidario.org\/transparencia-memoria-2024\/#primaryimage"},"thumbnailUrl":"https:\/\/www.llanerosolidario.org\/wp-content\/uploads\/2025\/02\/logo.jpg","datePublished":"2025-01-13T17:40:43+00:00","dateModified":"2025-02-20T07:15:49+00:00","breadcrumb":{"@id":"https:\/\/www.llanerosolidario.org\/transparencia-memoria-2024\/#breadcrumb"},"inLanguage":"en-US","potentialAction":[{"@type":"ReadAction","target":["https:\/\/www.llanerosolidario.org\/transparencia-memoria-2024\/"]}]},{"@type":"ImageObject","inLanguage":"en-US","@id":"https:\/\/www.llanerosolidario.org\/transparencia-memoria-2024\/#primaryimage","url":"https:\/\/www.llanerosolidario.org\/wp-content\/uploads\/2025\/02\/logo.jpg","contentUrl":"https:\/\/www.llanerosolidario.org\/wp-content\/uploads\/2025\/02\/logo.jpg"},{"@type":"BreadcrumbList","@id":"https:\/\/www.llanerosolidario.org\/transparencia-memoria-2024\/#breadcrumb","itemListElement":[{"@type":"ListItem","position":1,"name":"Portada","item":"https:\/\/www.llanerosolidario.org\/"},{"@type":"ListItem","position":2,"name":"TRANSPARENCIA. Memoria Social 2024"}]},{"@type":"WebSite","@id":"https:\/\/www.llanerosolidario.org\/#website","url":"https:\/\/www.llanerosolidario.org\/","name":"Llanero Solidario","description":"Nacimos en Albacete, palabra que una vez signific\u00f3: \u201cel llano\u201d, as\u00ed que ten\u00edamos que ser llaneros. Y nacimos para poner en marcha proyectos de inserci\u00f3n, as\u00ed que el apellido nos encontr\u00f3 para dejar claro qu\u00e9 somos y qu\u00e9 hacemos: Somos Llanero Solidario.","publisher":{"@id":"https:\/\/www.llanerosolidario.org\/#organization"},"potentialAction":[{"@type":"SearchAction","target":{"@type":"EntryPoint","urlTemplate":"https:\/\/www.llanerosolidario.org\/?s={search_term_string}"},"query-input":{"@type":"PropertyValueSpecification","valueRequired":true,"valueName":"search_term_string"}}],"inLanguage":"en-US"},{"@type":"Organization","@id":"https:\/\/www.llanerosolidario.org\/#organization","name":"Llanero Solidario","url":"https:\/\/www.llanerosolidario.org\/","logo":{"@type":"ImageObject","inLanguage":"en-US","@id":"https:\/\/www.llanerosolidario.org\/#\/schema\/logo\/image\/","url":"https:\/\/www.llanerosolidario.org\/wp-content\/uploads\/2021\/04\/Germina-empleo-Alcaraz-scaled.jpg","contentUrl":"https:\/\/www.llanerosolidario.org\/wp-content\/uploads\/2021\/04\/Germina-empleo-Alcaraz-scaled.jpg","width":2560,"height":1920,"caption":"Llanero Solidario"},"image":{"@id":"https:\/\/www.llanerosolidario.org\/#\/schema\/logo\/image\/"},"sameAs":["https:\/\/www.facebook.com\/llanerosolidari","https:\/\/x.com\/llanerosolidari","https:\/\/www.instagram.com\/llanerosolidarioab\/","https:\/\/www.linkedin.com\/company\/llanero-solidario\/"]}]}},"_links":{"self":[{"href":"https:\/\/www.llanerosolidario.org\/en\/wp-json\/wp\/v2\/pages\/6546","targetHints":{"allow":["GET"]}}],"collection":[{"href":"https:\/\/www.llanerosolidario.org\/en\/wp-json\/wp\/v2\/pages"}],"about":[{"href":"https:\/\/www.llanerosolidario.org\/en\/wp-json\/wp\/v2\/types\/page"}],"author":[{"embeddable":true,"href":"https:\/\/www.llanerosolidario.org\/en\/wp-json\/wp\/v2\/users\/2"}],"replies":[{"embeddable":true,"href":"https:\/\/www.llanerosolidario.org\/en\/wp-json\/wp\/v2\/comments?post=6546"}],"version-history":[{"count":51,"href":"https:\/\/www.llanerosolidario.org\/en\/wp-json\/wp\/v2\/pages\/6546\/revisions"}],"predecessor-version":[{"id":7059,"href":"https:\/\/www.llanerosolidario.org\/en\/wp-json\/wp\/v2\/pages\/6546\/revisions\/7059"}],"wp:attachment":[{"href":"https:\/\/www.llanerosolidario.org\/en\/wp-json\/wp\/v2\/media?parent=6546"}],"curies":[{"name":"wp","href":"https:\/\/api.w.org\/{rel}","templated":true}]}}