{"id":18,"date":"2021-03-09T11:44:13","date_gmt":"2021-03-09T11:44:13","guid":{"rendered":"https:\/\/www.llanerosolidario.org\/?page_id=18"},"modified":"2026-03-20T13:27:56","modified_gmt":"2026-03-20T13:27:56","slug":"contacto","status":"publish","type":"page","link":"https:\/\/www.llanerosolidario.org\/en\/contacto\/","title":{"rendered":"Contact"},"content":{"rendered":"<div data-elementor-type=\"wp-page\" data-elementor-id=\"18\" class=\"elementor elementor-18\">\n\t\t\t\t\t\t<section class=\"elementor-section elementor-top-section elementor-element elementor-element-b73c63f elementor-section-boxed elementor-section-height-default elementor-section-height-default\" data-id=\"b73c63f\" data-element_type=\"section\" data-e-type=\"section\">\n\t\t\t\t\t\t<div class=\"elementor-container elementor-column-gap-default\">\n\t\t\t\t\t<div class=\"elementor-column elementor-col-50 elementor-top-column elementor-element elementor-element-2b9ad97\" data-id=\"2b9ad97\" data-element_type=\"column\" data-e-type=\"column\">\n\t\t\t<div class=\"elementor-widget-wrap elementor-element-populated\">\n\t\t\t\t\t\t<div class=\"elementor-element elementor-element-b1d3f01 elementor-widget elementor-widget-shortcode\" data-id=\"b1d3f01\" data-element_type=\"widget\" data-e-type=\"widget\" data-widget_type=\"shortcode.default\">\n\t\t\t\t<div class=\"elementor-widget-container\">\n\t\t\t\t\t\t\t<div class=\"elementor-shortcode\">\n<div class=\"wpcf7 no-js\" id=\"wpcf7-f2705-o1\" lang=\"es-ES\" dir=\"ltr\" data-wpcf7-id=\"2705\">\n<div class=\"screen-reader-response\"><p role=\"status\" aria-live=\"polite\" aria-atomic=\"true\"><\/p> <ul><\/ul><\/div>\n<form action=\"\/en\/wp-json\/wp\/v2\/pages\/18#wpcf7-f2705-o1\" method=\"post\" class=\"wpcf7-form init\" aria-label=\"Formulario de contacto\" novalidate=\"novalidate\" data-status=\"init\" data-trp-original-action=\"\/en\/wp-json\/wp\/v2\/pages\/18#wpcf7-f2705-o1\">\n<fieldset class=\"hidden-fields-container\"><input type=\"hidden\" name=\"_wpcf7\" value=\"2705\" \/><input type=\"hidden\" name=\"_wpcf7_version\" value=\"6.1.5\" \/><input type=\"hidden\" name=\"_wpcf7_locale\" value=\"es_ES\" \/><input type=\"hidden\" name=\"_wpcf7_unit_tag\" value=\"wpcf7-f2705-o1\" \/><input type=\"hidden\" name=\"_wpcf7_container_post\" value=\"0\" \/><input type=\"hidden\" name=\"_wpcf7_posted_data_hash\" value=\"\" \/><input type=\"hidden\" name=\"_wpcf7_recaptcha_response\" value=\"\" \/>\n<\/fieldset>\n<p><label> Your name <span class=\"asterisk_class\">*<\/span><br \/>\n<span class=\"wpcf7-form-control-wrap\" data-name=\"your-name\"><input size=\"40\" maxlength=\"400\" class=\"wpcf7-form-control wpcf7-text wpcf7-validates-as-required\" aria-required=\"true\" aria-invalid=\"false\" value=\"\" type=\"text\" name=\"your-name\" \/><\/span> <\/label>\n<\/p>\n<p><label> Your email address <span class=\"asterisk_class\">*<\/span><br \/>\n<span class=\"wpcf7-form-control-wrap\" data-name=\"your-email\"><input size=\"40\" maxlength=\"400\" class=\"wpcf7-form-control wpcf7-email wpcf7-validates-as-required wpcf7-text wpcf7-validates-as-email\" aria-required=\"true\" aria-invalid=\"false\" value=\"\" type=\"email\" name=\"your-email\" \/><\/span> <\/label>\n<\/p>\n<p><label> Subject <span class=\"asterisk_class\">*<\/span><br \/>\n<span class=\"wpcf7-form-control-wrap\" data-name=\"your-subject\"><input size=\"40\" maxlength=\"400\" class=\"wpcf7-form-control wpcf7-text wpcf7-validates-as-required\" aria-required=\"true\" aria-invalid=\"false\" value=\"\" type=\"text\" name=\"your-subject\" \/><\/span> <\/label>\n<\/p>\n<p><label> Your message (optional)<br \/>\n<span class=\"wpcf7-form-control-wrap\" data-name=\"your-message\"><textarea cols=\"40\" rows=\"10\" maxlength=\"2000\" class=\"wpcf7-form-control wpcf7-textarea\" aria-invalid=\"false\" name=\"your-message\"><\/textarea><\/span> <\/label>\n<\/p>\n<p><span class=\"wpcf7-form-control-wrap\" data-name=\"checkbox-826\"><span class=\"wpcf7-form-control wpcf7-checkbox wpcf7-validates-as-required class-826\" id=\"id-826\"><span class=\"wpcf7-list-item first last\"><label><input type=\"checkbox\" name=\"checkbox-826[]\" value=\"He le\u00eddo y acepto la pol\u00edtica de privacidad y protecci\u00f3n de datos:\" \/><span class=\"wpcf7-list-item-label\">I have read and agree to the privacy and data protection policy:<\/span><\/label><\/span><\/span><\/span><a href=\"\/en\/politica-de-privacidad\/\" target=\"_blank\" title=\"Privacy Policy\">Privacy Policy<\/a>\n<\/p>\n<p><input class=\"wpcf7-form-control wpcf7-submit has-spinner\" type=\"submit\" value=\"Send\" \/>\n<\/p><div class=\"wpcf7-response-output\" aria-hidden=\"true\"><\/div>\n<input type=\"hidden\" name=\"trp-form-language\" value=\"en\"\/><\/form>\n<\/div>\n<\/div>\n\t\t\t\t\t\t<\/div>\n\t\t\t\t<\/div>\n\t\t\t\t\t<\/div>\n\t\t<\/div>\n\t\t\t\t<div class=\"elementor-column elementor-col-50 elementor-top-column elementor-element elementor-element-953b801\" data-id=\"953b801\" data-element_type=\"column\" data-e-type=\"column\">\n\t\t\t<div class=\"elementor-widget-wrap elementor-element-populated\">\n\t\t\t\t\t\t<section class=\"elementor-section elementor-inner-section elementor-element elementor-element-4d09a70 elementor-section-boxed elementor-section-height-default elementor-section-height-default\" data-id=\"4d09a70\" data-element_type=\"section\" data-e-type=\"section\">\n\t\t\t\t\t\t<div class=\"elementor-container elementor-column-gap-default\">\n\t\t\t\t\t<div class=\"elementor-column elementor-col-100 elementor-inner-column elementor-element elementor-element-81fc3b1\" data-id=\"81fc3b1\" data-element_type=\"column\" data-e-type=\"column\">\n\t\t\t<div class=\"elementor-widget-wrap elementor-element-populated\">\n\t\t\t\t\t\t<div class=\"elementor-element elementor-element-fe0b869 elementor-widget elementor-widget-image\" data-id=\"fe0b869\" data-element_type=\"widget\" data-e-type=\"widget\" data-widget_type=\"image.default\">\n\t\t\t\t<div class=\"elementor-widget-container\">\n\t\t\t\t\t\t\t\t\t\t\t\t\t\t\t<img decoding=\"async\" width=\"93\" height=\"100\" src=\"https:\/\/www.llanerosolidario.org\/wp-content\/uploads\/2021\/03\/favicon-llanero.png\" class=\"attachment-full size-full wp-image-1978\" alt=\"Llanero Solidario\" \/>\t\t\t\t\t\t\t\t\t\t\t\t\t\t\t<\/div>\n\t\t\t\t<\/div>\n\t\t\t\t<div class=\"elementor-element elementor-element-e38ad05 elementor-widget elementor-widget-text-editor\" data-id=\"e38ad05\" data-element_type=\"widget\" data-e-type=\"widget\" data-widget_type=\"text-editor.default\">\n\t\t\t\t<div class=\"elementor-widget-container\">\n\t\t\t\t\t\t\t\t\t<p><b>Data controller:<\/b><span style=\"font-weight: 400;\"> The data collected in this form will be processed by the company ASOCIACI\u00d3N LLANERO SOLIDARIO <\/span><span style=\"font-weight: 400;\">con CIF G02563252 <\/span><span style=\"font-weight: 400;\">and home address Calle Ctra de Ja\u00e9n n\u00ba116, 02006, Albacete <\/span><span style=\"font-weight: 400;\">as the Data Controller.<\/span><\/p><p><b>Purpose:<\/b><span style=\"font-weight: 400;\"> We would like to inform you that the purpose of the data collected is to manage website users.<\/span><\/p><p><b>Legal standing:<\/b><span style=\"font-weight: 400;\"> All of the purposes listed above are based on the consent (Article 6.1.a of the GDPR) you provided by checking the corresponding checkbox. Your personal data will be processed based on our <\/span><a href=\"https:\/\/www.llanerosolidario.org\/en\/politica-de-privacidad\/\" target=\"_blank\" rel=\"noopener\"><span style=\"font-weight: 400;\">Privacy Policy<\/span><\/a><\/p><p><b>Refusal to give consent:<\/b><span style=\"font-weight: 400;\"> If you do not enter the information marked as required on the form, your request will not be processed.<\/span><\/p><p><b>to:<\/b><span style=\"font-weight: 400;\"> Your information will not be shared with any company, unless required by law.<\/span><\/p><p><b>Rights:<\/b><span style=\"font-weight: 400;\"> You have the right to access, correct, and delete your data; to data portability; to restrict or object to the processing of your data; to not be subject to automated decision-making; and to receive clear and transparent information about the processing of your data, as explained in the additional information.<\/span><\/p><p><b>Right to file a complaint with the Data Protection Authority (AEPD):<\/b><span style=\"font-weight: 400;\"> From the ASOCIACI\u00d3N LLANERO SOLIDARIO <\/span><span style=\"font-weight: 400;\">We make every effort to comply with data protection regulations, as your data is our most valuable asset. However, please be advised that if you believe your rights have been infringed, you may contact us at the following email address\u00a0<a href=\"mailto:admin@llanerosolidario.org\">admin@llanerosolidario.org<\/a> <\/span><span style=\"font-weight: 400;\">, or alternatively, file a complaint with the Agencia Espa\u00f1ola de Protecci\u00f3n de Datos (AEPD).<\/span><\/p><p><b>Additional information:<\/b><span style=\"font-weight: 400;\"> You can find additional and detailed information about data protection on our website: <a href=\"https:\/\/www.llanerosolidario.org\/en\/\">Llanero Solidario<\/a><\/span><\/p>\t\t\t\t\t\t\t\t<\/div>\n\t\t\t\t<\/div>\n\t\t\t\t\t<\/div>\n\t\t<\/div>\n\t\t\t\t\t<\/div>\n\t\t<\/section>\n\t\t\t\t\t<\/div>\n\t\t<\/div>\n\t\t\t\t\t<\/div>\n\t\t<\/section>\n\t\t\t\t<\/div>","protected":false},"excerpt":{"rendered":"<p>Responsable del tratamiento: Los datos tratados en el presente formulario, ser\u00e1n tratados por la empresa ASOCIACI\u00d3N LLANERO SOLIDARIO con CIF G02563252 y domicilio en Calle Ctra de Ja\u00e9n n\u00ba116, 02006, Albacete como Responsable del Tratamiento de los datos. Finalidad: Le queremos informar que la finalidad de los datos recogidos es la gesti\u00f3n de usuarios de [&hellip;]<\/p>\n","protected":false},"author":1,"featured_media":0,"parent":0,"menu_order":0,"comment_status":"closed","ping_status":"closed","template":"","meta":{"footnotes":""},"class_list":["post-18","page","type-page","status-publish","hentry","post"],"yoast_head":"<!-- This site is optimized with the Yoast SEO plugin v27.5 - https:\/\/yoast.com\/product\/yoast-seo-wordpress\/ -->\n<title>Contacto - Llanero Solidario<\/title>\n<meta name=\"robots\" content=\"index, follow, max-snippet:-1, max-image-preview:large, max-video-preview:-1\" \/>\n<link rel=\"canonical\" href=\"https:\/\/www.llanerosolidario.org\/en\/contacto\/\" \/>\n<meta property=\"og:locale\" content=\"en_US\" \/>\n<meta property=\"og:type\" content=\"article\" \/>\n<meta property=\"og:title\" content=\"Contacto - Llanero Solidario\" \/>\n<meta property=\"og:description\" content=\"Responsable del tratamiento: Los datos tratados en el presente formulario, ser\u00e1n tratados por la empresa ASOCIACI\u00d3N LLANERO SOLIDARIO con CIF G02563252 y domicilio en Calle Ctra de Ja\u00e9n n\u00ba116, 02006, Albacete como Responsable del Tratamiento de los datos. Finalidad: Le queremos informar que la finalidad de los datos recogidos es la gesti\u00f3n de usuarios de [&hellip;]\" \/>\n<meta property=\"og:url\" content=\"https:\/\/www.llanerosolidario.org\/en\/contacto\/\" \/>\n<meta property=\"og:site_name\" content=\"Llanero Solidario\" \/>\n<meta property=\"article:publisher\" content=\"https:\/\/www.facebook.com\/llanerosolidari\" \/>\n<meta property=\"article:modified_time\" content=\"2026-03-20T13:27:56+00:00\" \/>\n<meta property=\"og:image\" content=\"https:\/\/www.llanerosolidario.org\/wp-content\/uploads\/2021\/03\/favicon-llanero.png\" \/>\n\t<meta property=\"og:image:width\" content=\"93\" \/>\n\t<meta property=\"og:image:height\" content=\"100\" \/>\n\t<meta property=\"og:image:type\" content=\"image\/png\" \/>\n<meta name=\"twitter:card\" content=\"summary_large_image\" \/>\n<meta name=\"twitter:site\" content=\"@llanerosolidari\" \/>\n<meta name=\"twitter:label1\" content=\"Est. reading time\" \/>\n\t<meta name=\"twitter:data1\" content=\"2 minutes\" \/>\n<script type=\"application\/ld+json\" class=\"yoast-schema-graph\">{\"@context\":\"https:\\\/\\\/schema.org\",\"@graph\":[{\"@type\":\"WebPage\",\"@id\":\"https:\\\/\\\/www.llanerosolidario.org\\\/contacto\\\/\",\"url\":\"https:\\\/\\\/www.llanerosolidario.org\\\/contacto\\\/\",\"name\":\"Contacto - Llanero Solidario\",\"isPartOf\":{\"@id\":\"https:\\\/\\\/www.llanerosolidario.org\\\/#website\"},\"primaryImageOfPage\":{\"@id\":\"https:\\\/\\\/www.llanerosolidario.org\\\/contacto\\\/#primaryimage\"},\"image\":{\"@id\":\"https:\\\/\\\/www.llanerosolidario.org\\\/contacto\\\/#primaryimage\"},\"thumbnailUrl\":\"https:\\\/\\\/www.llanerosolidario.org\\\/wp-content\\\/uploads\\\/2021\\\/03\\\/favicon-llanero.png\",\"datePublished\":\"2021-03-09T11:44:13+00:00\",\"dateModified\":\"2026-03-20T13:27:56+00:00\",\"breadcrumb\":{\"@id\":\"https:\\\/\\\/www.llanerosolidario.org\\\/contacto\\\/#breadcrumb\"},\"inLanguage\":\"en-US\",\"potentialAction\":[{\"@type\":\"ReadAction\",\"target\":[\"https:\\\/\\\/www.llanerosolidario.org\\\/contacto\\\/\"]}]},{\"@type\":\"ImageObject\",\"inLanguage\":\"en-US\",\"@id\":\"https:\\\/\\\/www.llanerosolidario.org\\\/contacto\\\/#primaryimage\",\"url\":\"https:\\\/\\\/www.llanerosolidario.org\\\/wp-content\\\/uploads\\\/2021\\\/03\\\/favicon-llanero.png\",\"contentUrl\":\"https:\\\/\\\/www.llanerosolidario.org\\\/wp-content\\\/uploads\\\/2021\\\/03\\\/favicon-llanero.png\"},{\"@type\":\"BreadcrumbList\",\"@id\":\"https:\\\/\\\/www.llanerosolidario.org\\\/contacto\\\/#breadcrumb\",\"itemListElement\":[{\"@type\":\"ListItem\",\"position\":1,\"name\":\"Portada\",\"item\":\"https:\\\/\\\/www.llanerosolidario.org\\\/\"},{\"@type\":\"ListItem\",\"position\":2,\"name\":\"Contacto\"}]},{\"@type\":\"WebSite\",\"@id\":\"https:\\\/\\\/www.llanerosolidario.org\\\/#website\",\"url\":\"https:\\\/\\\/www.llanerosolidario.org\\\/\",\"name\":\"Llanero Solidario\",\"description\":\"Nacimos en Albacete, palabra que una vez signific\u00f3: \u201cel llano\u201d, as\u00ed que ten\u00edamos que ser llaneros. Y nacimos para poner en marcha proyectos de inserci\u00f3n, as\u00ed que el apellido nos encontr\u00f3 para dejar claro qu\u00e9 somos y qu\u00e9 hacemos: Somos Llanero Solidario.\",\"publisher\":{\"@id\":\"https:\\\/\\\/www.llanerosolidario.org\\\/#organization\"},\"potentialAction\":[{\"@type\":\"SearchAction\",\"target\":{\"@type\":\"EntryPoint\",\"urlTemplate\":\"https:\\\/\\\/www.llanerosolidario.org\\\/?s={search_term_string}\"},\"query-input\":{\"@type\":\"PropertyValueSpecification\",\"valueRequired\":true,\"valueName\":\"search_term_string\"}}],\"inLanguage\":\"en-US\"},{\"@type\":\"Organization\",\"@id\":\"https:\\\/\\\/www.llanerosolidario.org\\\/#organization\",\"name\":\"Llanero Solidario\",\"url\":\"https:\\\/\\\/www.llanerosolidario.org\\\/\",\"logo\":{\"@type\":\"ImageObject\",\"inLanguage\":\"en-US\",\"@id\":\"https:\\\/\\\/www.llanerosolidario.org\\\/#\\\/schema\\\/logo\\\/image\\\/\",\"url\":\"https:\\\/\\\/www.llanerosolidario.org\\\/wp-content\\\/uploads\\\/2021\\\/04\\\/Germina-empleo-Alcaraz-scaled.jpg\",\"contentUrl\":\"https:\\\/\\\/www.llanerosolidario.org\\\/wp-content\\\/uploads\\\/2021\\\/04\\\/Germina-empleo-Alcaraz-scaled.jpg\",\"width\":2560,\"height\":1920,\"caption\":\"Llanero Solidario\"},\"image\":{\"@id\":\"https:\\\/\\\/www.llanerosolidario.org\\\/#\\\/schema\\\/logo\\\/image\\\/\"},\"sameAs\":[\"https:\\\/\\\/www.facebook.com\\\/llanerosolidari\",\"https:\\\/\\\/x.com\\\/llanerosolidari\",\"https:\\\/\\\/www.instagram.com\\\/llanerosolidarioab\\\/\",\"https:\\\/\\\/www.linkedin.com\\\/company\\\/llanero-solidario\\\/\"]}]}<\/script>\n<!-- \/ Yoast SEO plugin. -->","yoast_head_json":{"title":"Contacto - Llanero Solidario","robots":{"index":"index","follow":"follow","max-snippet":"max-snippet:-1","max-image-preview":"max-image-preview:large","max-video-preview":"max-video-preview:-1"},"canonical":"https:\/\/www.llanerosolidario.org\/en\/contacto\/","og_locale":"en_US","og_type":"article","og_title":"Contacto - Llanero Solidario","og_description":"Responsable del tratamiento: Los datos tratados en el presente formulario, ser\u00e1n tratados por la empresa ASOCIACI\u00d3N LLANERO SOLIDARIO con CIF G02563252 y domicilio en Calle Ctra de Ja\u00e9n n\u00ba116, 02006, Albacete como Responsable del Tratamiento de los datos. Finalidad: Le queremos informar que la finalidad de los datos recogidos es la gesti\u00f3n de usuarios de [&hellip;]","og_url":"https:\/\/www.llanerosolidario.org\/en\/contacto\/","og_site_name":"Llanero Solidario","article_publisher":"https:\/\/www.facebook.com\/llanerosolidari","article_modified_time":"2026-03-20T13:27:56+00:00","og_image":[{"width":93,"height":100,"url":"https:\/\/www.llanerosolidario.org\/wp-content\/uploads\/2021\/03\/favicon-llanero.png","type":"image\/png"}],"twitter_card":"summary_large_image","twitter_site":"@llanerosolidari","twitter_misc":{"Est. reading time":"2 minutes"},"schema":{"@context":"https:\/\/schema.org","@graph":[{"@type":"WebPage","@id":"https:\/\/www.llanerosolidario.org\/contacto\/","url":"https:\/\/www.llanerosolidario.org\/contacto\/","name":"Contacto - Llanero Solidario","isPartOf":{"@id":"https:\/\/www.llanerosolidario.org\/#website"},"primaryImageOfPage":{"@id":"https:\/\/www.llanerosolidario.org\/contacto\/#primaryimage"},"image":{"@id":"https:\/\/www.llanerosolidario.org\/contacto\/#primaryimage"},"thumbnailUrl":"https:\/\/www.llanerosolidario.org\/wp-content\/uploads\/2021\/03\/favicon-llanero.png","datePublished":"2021-03-09T11:44:13+00:00","dateModified":"2026-03-20T13:27:56+00:00","breadcrumb":{"@id":"https:\/\/www.llanerosolidario.org\/contacto\/#breadcrumb"},"inLanguage":"en-US","potentialAction":[{"@type":"ReadAction","target":["https:\/\/www.llanerosolidario.org\/contacto\/"]}]},{"@type":"ImageObject","inLanguage":"en-US","@id":"https:\/\/www.llanerosolidario.org\/contacto\/#primaryimage","url":"https:\/\/www.llanerosolidario.org\/wp-content\/uploads\/2021\/03\/favicon-llanero.png","contentUrl":"https:\/\/www.llanerosolidario.org\/wp-content\/uploads\/2021\/03\/favicon-llanero.png"},{"@type":"BreadcrumbList","@id":"https:\/\/www.llanerosolidario.org\/contacto\/#breadcrumb","itemListElement":[{"@type":"ListItem","position":1,"name":"Portada","item":"https:\/\/www.llanerosolidario.org\/"},{"@type":"ListItem","position":2,"name":"Contacto"}]},{"@type":"WebSite","@id":"https:\/\/www.llanerosolidario.org\/#website","url":"https:\/\/www.llanerosolidario.org\/","name":"Llanero Solidario","description":"Nacimos en Albacete, palabra que una vez signific\u00f3: \u201cel llano\u201d, as\u00ed que ten\u00edamos que ser llaneros. Y nacimos para poner en marcha proyectos de inserci\u00f3n, as\u00ed que el apellido nos encontr\u00f3 para dejar claro qu\u00e9 somos y qu\u00e9 hacemos: Somos Llanero Solidario.","publisher":{"@id":"https:\/\/www.llanerosolidario.org\/#organization"},"potentialAction":[{"@type":"SearchAction","target":{"@type":"EntryPoint","urlTemplate":"https:\/\/www.llanerosolidario.org\/?s={search_term_string}"},"query-input":{"@type":"PropertyValueSpecification","valueRequired":true,"valueName":"search_term_string"}}],"inLanguage":"en-US"},{"@type":"Organization","@id":"https:\/\/www.llanerosolidario.org\/#organization","name":"Llanero Solidario","url":"https:\/\/www.llanerosolidario.org\/","logo":{"@type":"ImageObject","inLanguage":"en-US","@id":"https:\/\/www.llanerosolidario.org\/#\/schema\/logo\/image\/","url":"https:\/\/www.llanerosolidario.org\/wp-content\/uploads\/2021\/04\/Germina-empleo-Alcaraz-scaled.jpg","contentUrl":"https:\/\/www.llanerosolidario.org\/wp-content\/uploads\/2021\/04\/Germina-empleo-Alcaraz-scaled.jpg","width":2560,"height":1920,"caption":"Llanero Solidario"},"image":{"@id":"https:\/\/www.llanerosolidario.org\/#\/schema\/logo\/image\/"},"sameAs":["https:\/\/www.facebook.com\/llanerosolidari","https:\/\/x.com\/llanerosolidari","https:\/\/www.instagram.com\/llanerosolidarioab\/","https:\/\/www.linkedin.com\/company\/llanero-solidario\/"]}]}},"_links":{"self":[{"href":"https:\/\/www.llanerosolidario.org\/en\/wp-json\/wp\/v2\/pages\/18","targetHints":{"allow":["GET"]}}],"collection":[{"href":"https:\/\/www.llanerosolidario.org\/en\/wp-json\/wp\/v2\/pages"}],"about":[{"href":"https:\/\/www.llanerosolidario.org\/en\/wp-json\/wp\/v2\/types\/page"}],"author":[{"embeddable":true,"href":"https:\/\/www.llanerosolidario.org\/en\/wp-json\/wp\/v2\/users\/1"}],"replies":[{"embeddable":true,"href":"https:\/\/www.llanerosolidario.org\/en\/wp-json\/wp\/v2\/comments?post=18"}],"version-history":[{"count":74,"href":"https:\/\/www.llanerosolidario.org\/en\/wp-json\/wp\/v2\/pages\/18\/revisions"}],"predecessor-version":[{"id":7519,"href":"https:\/\/www.llanerosolidario.org\/en\/wp-json\/wp\/v2\/pages\/18\/revisions\/7519"}],"wp:attachment":[{"href":"https:\/\/www.llanerosolidario.org\/en\/wp-json\/wp\/v2\/media?parent=18"}],"curies":[{"name":"wp","href":"https:\/\/api.w.org\/{rel}","templated":true}]}}