{"id":12,"date":"2021-03-09T11:42:19","date_gmt":"2021-03-09T11:42:19","guid":{"rendered":"https:\/\/www.llanerosolidario.org\/?page_id=12"},"modified":"2021-03-11T15:41:19","modified_gmt":"2021-03-11T15:41:19","slug":"proyectos","status":"publish","type":"page","link":"https:\/\/www.llanerosolidario.org\/en\/proyectos\/","title":{"rendered":"Projects"},"content":{"rendered":"","protected":false},"excerpt":{"rendered":"","protected":false},"author":1,"featured_media":0,"parent":0,"menu_order":0,"comment_status":"closed","ping_status":"closed","template":"","meta":{"footnotes":""},"class_list":["post-12","page","type-page","status-publish","hentry","post"],"yoast_head":"<!-- This site is optimized with the Yoast SEO plugin v27.5 - https:\/\/yoast.com\/product\/yoast-seo-wordpress\/ -->\n<title>Proyectos - Llanero Solidario<\/title>\n<meta name=\"robots\" content=\"index, follow, max-snippet:-1, max-image-preview:large, max-video-preview:-1\" \/>\n<link rel=\"canonical\" href=\"https:\/\/www.llanerosolidario.org\/en\/proyectos\/\" \/>\n<meta property=\"og:locale\" content=\"en_US\" \/>\n<meta property=\"og:type\" content=\"article\" \/>\n<meta property=\"og:title\" content=\"Proyectos - Llanero Solidario\" \/>\n<meta property=\"og:url\" content=\"https:\/\/www.llanerosolidario.org\/en\/proyectos\/\" \/>\n<meta property=\"og:site_name\" content=\"Llanero Solidario\" \/>\n<meta property=\"article:publisher\" content=\"https:\/\/www.facebook.com\/llanerosolidari\" \/>\n<meta property=\"article:modified_time\" content=\"2021-03-11T15:41:19+00:00\" \/>\n<meta property=\"og:image\" content=\"https:\/\/www.llanerosolidario.org\/wp-content\/uploads\/2021\/03\/logo-llanero.png\" \/>\n\t<meta property=\"og:image:width\" content=\"220\" \/>\n\t<meta property=\"og:image:height\" content=\"100\" \/>\n\t<meta property=\"og:image:type\" content=\"image\/png\" \/>\n<meta name=\"twitter:card\" content=\"summary_large_image\" \/>\n<meta name=\"twitter:site\" content=\"@llanerosolidari\" \/>\n<script type=\"application\/ld+json\" class=\"yoast-schema-graph\">{\"@context\":\"https:\\\/\\\/schema.org\",\"@graph\":[{\"@type\":\"WebPage\",\"@id\":\"https:\\\/\\\/www.llanerosolidario.org\\\/proyectos\\\/\",\"url\":\"https:\\\/\\\/www.llanerosolidario.org\\\/proyectos\\\/\",\"name\":\"Proyectos - Llanero Solidario\",\"isPartOf\":{\"@id\":\"https:\\\/\\\/www.llanerosolidario.org\\\/#website\"},\"datePublished\":\"2021-03-09T11:42:19+00:00\",\"dateModified\":\"2021-03-11T15:41:19+00:00\",\"breadcrumb\":{\"@id\":\"https:\\\/\\\/www.llanerosolidario.org\\\/proyectos\\\/#breadcrumb\"},\"inLanguage\":\"en-US\",\"potentialAction\":[{\"@type\":\"ReadAction\",\"target\":[\"https:\\\/\\\/www.llanerosolidario.org\\\/proyectos\\\/\"]}]},{\"@type\":\"BreadcrumbList\",\"@id\":\"https:\\\/\\\/www.llanerosolidario.org\\\/proyectos\\\/#breadcrumb\",\"itemListElement\":[{\"@type\":\"ListItem\",\"position\":1,\"name\":\"Portada\",\"item\":\"https:\\\/\\\/www.llanerosolidario.org\\\/\"},{\"@type\":\"ListItem\",\"position\":2,\"name\":\"Proyectos\"}]},{\"@type\":\"WebSite\",\"@id\":\"https:\\\/\\\/www.llanerosolidario.org\\\/#website\",\"url\":\"https:\\\/\\\/www.llanerosolidario.org\\\/\",\"name\":\"Llanero Solidario\",\"description\":\"Nacimos en Albacete, palabra que una vez signific\u00f3: \u201cel llano\u201d, as\u00ed que ten\u00edamos que ser llaneros. Y nacimos para poner en marcha proyectos de inserci\u00f3n, as\u00ed que el apellido nos encontr\u00f3 para dejar claro qu\u00e9 somos y qu\u00e9 hacemos: Somos Llanero Solidario.\",\"publisher\":{\"@id\":\"https:\\\/\\\/www.llanerosolidario.org\\\/#organization\"},\"potentialAction\":[{\"@type\":\"SearchAction\",\"target\":{\"@type\":\"EntryPoint\",\"urlTemplate\":\"https:\\\/\\\/www.llanerosolidario.org\\\/?s={search_term_string}\"},\"query-input\":{\"@type\":\"PropertyValueSpecification\",\"valueRequired\":true,\"valueName\":\"search_term_string\"}}],\"inLanguage\":\"en-US\"},{\"@type\":\"Organization\",\"@id\":\"https:\\\/\\\/www.llanerosolidario.org\\\/#organization\",\"name\":\"Llanero Solidario\",\"url\":\"https:\\\/\\\/www.llanerosolidario.org\\\/\",\"logo\":{\"@type\":\"ImageObject\",\"inLanguage\":\"en-US\",\"@id\":\"https:\\\/\\\/www.llanerosolidario.org\\\/#\\\/schema\\\/logo\\\/image\\\/\",\"url\":\"https:\\\/\\\/www.llanerosolidario.org\\\/wp-content\\\/uploads\\\/2021\\\/04\\\/Germina-empleo-Alcaraz-scaled.jpg\",\"contentUrl\":\"https:\\\/\\\/www.llanerosolidario.org\\\/wp-content\\\/uploads\\\/2021\\\/04\\\/Germina-empleo-Alcaraz-scaled.jpg\",\"width\":2560,\"height\":1920,\"caption\":\"Llanero Solidario\"},\"image\":{\"@id\":\"https:\\\/\\\/www.llanerosolidario.org\\\/#\\\/schema\\\/logo\\\/image\\\/\"},\"sameAs\":[\"https:\\\/\\\/www.facebook.com\\\/llanerosolidari\",\"https:\\\/\\\/x.com\\\/llanerosolidari\",\"https:\\\/\\\/www.instagram.com\\\/llanerosolidarioab\\\/\",\"https:\\\/\\\/www.linkedin.com\\\/company\\\/llanero-solidario\\\/\"]}]}<\/script>\n<!-- \/ Yoast SEO plugin. -->","yoast_head_json":{"title":"Proyectos - Llanero Solidario","robots":{"index":"index","follow":"follow","max-snippet":"max-snippet:-1","max-image-preview":"max-image-preview:large","max-video-preview":"max-video-preview:-1"},"canonical":"https:\/\/www.llanerosolidario.org\/en\/proyectos\/","og_locale":"en_US","og_type":"article","og_title":"Proyectos - Llanero Solidario","og_url":"https:\/\/www.llanerosolidario.org\/en\/proyectos\/","og_site_name":"Llanero Solidario","article_publisher":"https:\/\/www.facebook.com\/llanerosolidari","article_modified_time":"2021-03-11T15:41:19+00:00","og_image":[{"width":220,"height":100,"url":"https:\/\/www.llanerosolidario.org\/wp-content\/uploads\/2021\/03\/logo-llanero.png","type":"image\/png"}],"twitter_card":"summary_large_image","twitter_site":"@llanerosolidari","schema":{"@context":"https:\/\/schema.org","@graph":[{"@type":"WebPage","@id":"https:\/\/www.llanerosolidario.org\/proyectos\/","url":"https:\/\/www.llanerosolidario.org\/proyectos\/","name":"Proyectos - Llanero Solidario","isPartOf":{"@id":"https:\/\/www.llanerosolidario.org\/#website"},"datePublished":"2021-03-09T11:42:19+00:00","dateModified":"2021-03-11T15:41:19+00:00","breadcrumb":{"@id":"https:\/\/www.llanerosolidario.org\/proyectos\/#breadcrumb"},"inLanguage":"en-US","potentialAction":[{"@type":"ReadAction","target":["https:\/\/www.llanerosolidario.org\/proyectos\/"]}]},{"@type":"BreadcrumbList","@id":"https:\/\/www.llanerosolidario.org\/proyectos\/#breadcrumb","itemListElement":[{"@type":"ListItem","position":1,"name":"Portada","item":"https:\/\/www.llanerosolidario.org\/"},{"@type":"ListItem","position":2,"name":"Proyectos"}]},{"@type":"WebSite","@id":"https:\/\/www.llanerosolidario.org\/#website","url":"https:\/\/www.llanerosolidario.org\/","name":"Llanero Solidario","description":"Nacimos en Albacete, palabra que una vez signific\u00f3: \u201cel llano\u201d, as\u00ed que ten\u00edamos que ser llaneros. Y nacimos para poner en marcha proyectos de inserci\u00f3n, as\u00ed que el apellido nos encontr\u00f3 para dejar claro qu\u00e9 somos y qu\u00e9 hacemos: Somos Llanero Solidario.","publisher":{"@id":"https:\/\/www.llanerosolidario.org\/#organization"},"potentialAction":[{"@type":"SearchAction","target":{"@type":"EntryPoint","urlTemplate":"https:\/\/www.llanerosolidario.org\/?s={search_term_string}"},"query-input":{"@type":"PropertyValueSpecification","valueRequired":true,"valueName":"search_term_string"}}],"inLanguage":"en-US"},{"@type":"Organization","@id":"https:\/\/www.llanerosolidario.org\/#organization","name":"Llanero Solidario","url":"https:\/\/www.llanerosolidario.org\/","logo":{"@type":"ImageObject","inLanguage":"en-US","@id":"https:\/\/www.llanerosolidario.org\/#\/schema\/logo\/image\/","url":"https:\/\/www.llanerosolidario.org\/wp-content\/uploads\/2021\/04\/Germina-empleo-Alcaraz-scaled.jpg","contentUrl":"https:\/\/www.llanerosolidario.org\/wp-content\/uploads\/2021\/04\/Germina-empleo-Alcaraz-scaled.jpg","width":2560,"height":1920,"caption":"Llanero Solidario"},"image":{"@id":"https:\/\/www.llanerosolidario.org\/#\/schema\/logo\/image\/"},"sameAs":["https:\/\/www.facebook.com\/llanerosolidari","https:\/\/x.com\/llanerosolidari","https:\/\/www.instagram.com\/llanerosolidarioab\/","https:\/\/www.linkedin.com\/company\/llanero-solidario\/"]}]}},"_links":{"self":[{"href":"https:\/\/www.llanerosolidario.org\/en\/wp-json\/wp\/v2\/pages\/12","targetHints":{"allow":["GET"]}}],"collection":[{"href":"https:\/\/www.llanerosolidario.org\/en\/wp-json\/wp\/v2\/pages"}],"about":[{"href":"https:\/\/www.llanerosolidario.org\/en\/wp-json\/wp\/v2\/types\/page"}],"author":[{"embeddable":true,"href":"https:\/\/www.llanerosolidario.org\/en\/wp-json\/wp\/v2\/users\/1"}],"replies":[{"embeddable":true,"href":"https:\/\/www.llanerosolidario.org\/en\/wp-json\/wp\/v2\/comments?post=12"}],"version-history":[{"count":1,"href":"https:\/\/www.llanerosolidario.org\/en\/wp-json\/wp\/v2\/pages\/12\/revisions"}],"predecessor-version":[{"id":13,"href":"https:\/\/www.llanerosolidario.org\/en\/wp-json\/wp\/v2\/pages\/12\/revisions\/13"}],"wp:attachment":[{"href":"https:\/\/www.llanerosolidario.org\/en\/wp-json\/wp\/v2\/media?parent=12"}],"curies":[{"name":"wp","href":"https:\/\/api.w.org\/{rel}","templated":true}]}}